{"id":269,"date":"2020-04-13T15:53:53","date_gmt":"2020-04-13T15:53:53","guid":{"rendered":"http:\/\/gaststaette-feltmann.de\/?page_id=269"},"modified":"2025-12-13T15:31:59","modified_gmt":"2025-12-13T15:31:59","slug":"269-2","status":"publish","type":"page","link":"https:\/\/gaststaette-feltmann.de\/","title":{"rendered":""},"content":{"rendered":"\n<p class=\"has-text-color has-background\" style=\"color:#000000;background-color:#c6c6c6;font-size:24px\"><strong>Herzlich willkommen auf den Internetseiten der Gastst\u00e4tte Feltmann!<\/strong><\/p>\n\n\n\n<p class=\"has-text-color has-background has-medium-font-size\" style=\"color:#000000;background-color:#ffffff\">Auf den folgenden Seiten m\u00f6chten wir Ihnen unsere inhabergef\u00fchrte Gastst\u00e4tte in Heinsberg-Waldenrath mit unseren Angebote vorstellen. <br><br>Wir hoffen und freuen uns, Sie demn\u00e4chst als Gast bei uns begr\u00fc\u00dfen zu d\u00fcrfen!<\/p>\n\n\n\n<div style=\"height:30px\" aria-hidden=\"true\" class=\"wp-block-spacer\"><\/div>\n\n\n\n<div class=\"wp-block-group\"><div class=\"wp-block-group__inner-container is-layout-flow wp-block-group-is-layout-flow\"><\/div><\/div>\n\n\n\n<p class=\"has-text-color has-background\" style=\"color:#000000;background-color:#c6c6c6;font-size:24px\"><strong>Aktuelle \u00d6ffnungszeiten<\/strong>:<\/p>\n\n\n\n<p class=\"has-text-color has-background has-medium-font-size\" style=\"color:#000000;background-color:#ffffff\">Mittwoch: ab 16:00 Uhr bis 23:00 Uhr<br>Donnerstag \u2013 Freitag: ab 18:00 Uhr bis 24:00 Uhr<br>Samstag: ab 17:00 Uhr bis 24:00 Uhr<br><br>An allen Tagen warme K\u00fcche bis 21:00 Uhr.<br><br>Achtung: Abweichende \u00d6ffnungszeiten im Einzelfall vorbehalten!<\/p>\n\n\n\n<p><\/p>\n\n\n\n<p class=\"has-text-color has-background\" style=\"color:#000000;background-color:#c6c6c6;font-size:24px\"><strong>Aktuelle Wochenkarte<\/strong>:<\/p>\n\n\n\n<div class=\"wp-block-group\"><div class=\"wp-block-group__inner-container is-layout-flow wp-block-group-is-layout-flow\">\n<div class=\"wp-block-columns is-layout-flex wp-container-core-columns-is-layout-9d6595d7 wp-block-columns-is-layout-flex\">\n<div class=\"wp-block-column is-layout-flow wp-block-column-is-layout-flow\" style=\"flex-basis:100%\"><ul class=\"wp-block-latest-posts__list has-dates has-author wp-block-latest-posts\"><li><a class=\"wp-block-latest-posts__post-title\" href=\"https:\/\/gaststaette-feltmann.de\/?p=882\">Aktuelle Wochenkarte ab dem 20.02.2026<\/a><div class=\"wp-block-latest-posts__post-author\">von Feltmann<\/div><time datetime=\"2026-02-20T16:01:12+00:00\" class=\"wp-block-latest-posts__post-date\">20. Februar 2026<\/time><div class=\"wp-block-latest-posts__post-full-content\"><!-- wp:image {\"id\":968,\"sizeSlug\":\"large\",\"linkDestination\":\"none\"} -->\n<figure class=\"wp-block-image size-large\"><img loading=\"lazy\" decoding=\"async\" width=\"768\" height=\"1024\" src=\"https:\/\/gaststaette-feltmann.de\/wp-content\/uploads\/2026\/02\/1000107107-768x1024.jpg\" alt=\"\" class=\"wp-image-968\" srcset=\"https:\/\/gaststaette-feltmann.de\/wp-content\/uploads\/2026\/02\/1000107107-768x1024.jpg 768w, https:\/\/gaststaette-feltmann.de\/wp-content\/uploads\/2026\/02\/1000107107-225x300.jpg 225w, https:\/\/gaststaette-feltmann.de\/wp-content\/uploads\/2026\/02\/1000107107-1152x1536.jpg 1152w, https:\/\/gaststaette-feltmann.de\/wp-content\/uploads\/2026\/02\/1000107107.jpg 1500w\" sizes=\"auto, (max-width: 768px) 100vw, 768px\" \/><\/figure>\n<!-- \/wp:image -->\n\n<!-- wp:heading -->\n<h2 class=\"wp-block-heading\"><\/h2>\n<!-- \/wp:heading -->\n\n<!-- wp:paragraph -->\n<p><\/p>\n<!-- \/wp:paragraph --><\/div><\/li>\n<\/ul><\/div>\n<\/div>\n<\/div><\/div>\n\n\n\n<p><\/p>\n\n\n\n<hr class=\"wp-block-separator has-css-opacity is-style-wide\"\/>\n\n\n\n<div style=\"height:30px\" aria-hidden=\"true\" class=\"wp-block-spacer\"><\/div>\n\n\n\n<figure class=\"wp-block-image size-large\"><img loading=\"lazy\" decoding=\"async\" width=\"1024\" height=\"255\" src=\"https:\/\/gaststaette-feltmann.de\/wp-content\/uploads\/2020\/08\/Gaststaette_Aussen_3-1-1024x255.jpg\" alt=\"\" class=\"wp-image-377\" srcset=\"https:\/\/gaststaette-feltmann.de\/wp-content\/uploads\/2020\/08\/Gaststaette_Aussen_3-1-1024x255.jpg 1024w, https:\/\/gaststaette-feltmann.de\/wp-content\/uploads\/2020\/08\/Gaststaette_Aussen_3-1-300x75.jpg 300w, https:\/\/gaststaette-feltmann.de\/wp-content\/uploads\/2020\/08\/Gaststaette_Aussen_3-1-768x191.jpg 768w, https:\/\/gaststaette-feltmann.de\/wp-content\/uploads\/2020\/08\/Gaststaette_Aussen_3-1.jpg 1135w\" sizes=\"auto, (max-width: 1024px) 100vw, 1024px\" \/><\/figure>\n","protected":false},"excerpt":{"rendered":"<div class=\"entry-summary\">\nHerzlich willkommen auf den Internetseiten der Gastst\u00e4tte Feltmann! Auf den folgenden Seiten&hellip;\n<\/div>\n<div class=\"link-more\"><a href=\"https:\/\/gaststaette-feltmann.de\/\" class=\"more-link\">Continue reading&hellip;<\/a><\/div>\n","protected":false},"author":1,"featured_media":0,"parent":0,"menu_order":0,"comment_status":"closed","ping_status":"closed","template":"page-template\/_fullwidth.php","meta":{"_acf_changed":false,"footnotes":""},"class_list":["post-269","page","type-page","status-publish","hentry","entry"],"acf":[],"_links":{"self":[{"href":"https:\/\/gaststaette-feltmann.de\/index.php?rest_route=\/wp\/v2\/pages\/269","targetHints":{"allow":["GET"]}}],"collection":[{"href":"https:\/\/gaststaette-feltmann.de\/index.php?rest_route=\/wp\/v2\/pages"}],"about":[{"href":"https:\/\/gaststaette-feltmann.de\/index.php?rest_route=\/wp\/v2\/types\/page"}],"author":[{"embeddable":true,"href":"https:\/\/gaststaette-feltmann.de\/index.php?rest_route=\/wp\/v2\/users\/1"}],"replies":[{"embeddable":true,"href":"https:\/\/gaststaette-feltmann.de\/index.php?rest_route=%2Fwp%2Fv2%2Fcomments&post=269"}],"version-history":[{"count":26,"href":"https:\/\/gaststaette-feltmann.de\/index.php?rest_route=\/wp\/v2\/pages\/269\/revisions"}],"predecessor-version":[{"id":960,"href":"https:\/\/gaststaette-feltmann.de\/index.php?rest_route=\/wp\/v2\/pages\/269\/revisions\/960"}],"wp:attachment":[{"href":"https:\/\/gaststaette-feltmann.de\/index.php?rest_route=%2Fwp%2Fv2%2Fmedia&parent=269"}],"curies":[{"name":"wp","href":"https:\/\/api.w.org\/{rel}","templated":true}]}}